{"id":2526,"date":"2021-08-05T15:13:36","date_gmt":"2021-08-05T21:13:36","guid":{"rendered":"https:\/\/costaricagreenair.loreconsulting.pro\/?page_id=2526"},"modified":"2021-12-24T09:04:14","modified_gmt":"2021-12-24T15:04:14","slug":"politicas-de-cookies-y-rastreo-web","status":"publish","type":"page","link":"https:\/\/costaricagreenair.com\/es\/acuerdos-legales-terminos-de-servicio\/politicas-de-cookies-y-rastreo-web\/","title":{"rendered":"POL\u00cdTICAS DE COOKIES Y RASTREO WEB"},"content":{"rendered":"\t\t<div data-elementor-type=\"wp-page\" data-elementor-id=\"2526\" class=\"elementor elementor-2526\" data-elementor-post-type=\"page\">\n\t\t\t\t\t\t<section class=\"elementor-section elementor-top-section elementor-element elementor-element-1fe7ef28 elementor-section-boxed elementor-section-height-default elementor-section-height-default\" data-id=\"1fe7ef28\" data-element_type=\"section\" data-e-type=\"section\" data-settings=\"{&quot;background_background&quot;:&quot;classic&quot;,&quot;jet_parallax_layout_list&quot;:[]}\">\n\t\t\t\t\t\t\t<div class=\"elementor-background-overlay\"><\/div>\n\t\t\t\t\t\t\t<div class=\"elementor-container elementor-column-gap-default\">\n\t\t\t\t\t<div class=\"elementor-column elementor-col-100 elementor-top-column elementor-element elementor-element-4314606c\" data-id=\"4314606c\" data-element_type=\"column\" data-e-type=\"column\">\n\t\t\t<div class=\"elementor-widget-wrap elementor-element-populated\">\n\t\t\t\t\t\t<div class=\"elementor-element elementor-element-68e76ae elementor-widget elementor-widget-heading\" data-id=\"68e76ae\" data-element_type=\"widget\" data-e-type=\"widget\" data-widget_type=\"heading.default\">\n\t\t\t\t<div class=\"elementor-widget-container\">\n\t\t\t\t\t<h1 class=\"elementor-heading-title elementor-size-default\">POL\u00cdTICAS DE COOKIES Y RASTREO WEB<\/h1>\t\t\t\t<\/div>\n\t\t\t\t<\/div>\n\t\t\t\t\t<\/div>\n\t\t<\/div>\n\t\t\t\t\t<\/div>\n\t\t<\/section>\n\t\t\t\t<section class=\"elementor-section elementor-top-section elementor-element elementor-element-2ca7ce5 elementor-section-boxed elementor-section-height-default elementor-section-height-default\" data-id=\"2ca7ce5\" data-element_type=\"section\" data-e-type=\"section\" data-settings=\"{&quot;jet_parallax_layout_list&quot;:[]}\">\n\t\t\t\t\t\t<div class=\"elementor-container elementor-column-gap-default\">\n\t\t\t\t\t<div class=\"elementor-column elementor-col-100 elementor-top-column elementor-element elementor-element-d93a5f4\" data-id=\"d93a5f4\" data-element_type=\"column\" data-e-type=\"column\">\n\t\t\t<div class=\"elementor-widget-wrap elementor-element-populated\">\n\t\t\t\t\t\t<div class=\"elementor-element elementor-element-6526832 elementor-toc--minimized-on-tablet elementor-widget elementor-widget-table-of-contents\" data-id=\"6526832\" data-element_type=\"widget\" data-e-type=\"widget\" data-settings=\"{&quot;exclude_headings_by_selector&quot;:[],&quot;marker_view&quot;:&quot;bullets&quot;,&quot;icon&quot;:{&quot;value&quot;:&quot;icon icon-chevron-right&quot;,&quot;library&quot;:&quot;ekiticons&quot;},&quot;container&quot;:&quot;.tos&quot;,&quot;headings_by_tags&quot;:[&quot;h2&quot;,&quot;h3&quot;,&quot;h4&quot;,&quot;h5&quot;,&quot;h6&quot;],&quot;no_headings_message&quot;:&quot;No se ha encontrado ning\\u00fan encabezado en esta p\\u00e1gina.&quot;,&quot;minimize_box&quot;:&quot;yes&quot;,&quot;minimized_on&quot;:&quot;tablet&quot;,&quot;hierarchical_view&quot;:&quot;yes&quot;,&quot;min_height&quot;:{&quot;unit&quot;:&quot;px&quot;,&quot;size&quot;:&quot;&quot;,&quot;sizes&quot;:[]},&quot;min_height_widescreen&quot;:{&quot;unit&quot;:&quot;px&quot;,&quot;size&quot;:&quot;&quot;,&quot;sizes&quot;:[]},&quot;min_height_laptop&quot;:{&quot;unit&quot;:&quot;px&quot;,&quot;size&quot;:&quot;&quot;,&quot;sizes&quot;:[]},&quot;min_height_tablet_extra&quot;:{&quot;unit&quot;:&quot;px&quot;,&quot;size&quot;:&quot;&quot;,&quot;sizes&quot;:[]},&quot;min_height_tablet&quot;:{&quot;unit&quot;:&quot;px&quot;,&quot;size&quot;:&quot;&quot;,&quot;sizes&quot;:[]},&quot;min_height_mobile_extra&quot;:{&quot;unit&quot;:&quot;px&quot;,&quot;size&quot;:&quot;&quot;,&quot;sizes&quot;:[]},&quot;min_height_mobile&quot;:{&quot;unit&quot;:&quot;px&quot;,&quot;size&quot;:&quot;&quot;,&quot;sizes&quot;:[]}}\" data-widget_type=\"table-of-contents.default\">\n\t\t\t\t<div class=\"elementor-widget-container\">\n\t\t\t\t\t\t\t<div class=\"elementor-toc__header\">\n\t\t\t<h3 class=\"elementor-toc__header-title\">\n\t\t\t\tIndex\t\t\t<\/h3>\n\t\t\t\t\t\t\t<div class=\"elementor-toc__toggle-button elementor-toc__toggle-button--expand\" role=\"button\" tabindex=\"0\" aria-controls=\"elementor-toc__6526832\" aria-expanded=\"true\" aria-label=\"Open table of contents\"><i aria-hidden=\"true\" class=\"fas fa-chevron-down\"><\/i><\/div>\n\t\t\t\t<div class=\"elementor-toc__toggle-button elementor-toc__toggle-button--collapse\" role=\"button\" tabindex=\"0\" aria-controls=\"elementor-toc__6526832\" aria-expanded=\"true\" aria-label=\"Close table of contents\"><i aria-hidden=\"true\" class=\"fas fa-chevron-up\"><\/i><\/div>\n\t\t\t\t\t<\/div>\n\t\t<div id=\"elementor-toc__6526832\" class=\"elementor-toc__body\">\n\t\t\t<div class=\"elementor-toc__spinner-container\">\n\t\t\t\t<i class=\"elementor-toc__spinner eicon-animation-spin eicon-loading\" aria-hidden=\"true\"><\/i>\t\t\t<\/div>\n\t\t<\/div>\n\t\t\t\t\t\t<\/div>\n\t\t\t\t<\/div>\n\t\t\t\t\t<\/div>\n\t\t<\/div>\n\t\t\t\t\t<\/div>\n\t\t<\/section>\n\t\t\t\t<section class=\"elementor-section elementor-top-section elementor-element elementor-element-04f1f23 tos elementor-section-boxed elementor-section-height-default elementor-section-height-default\" data-id=\"04f1f23\" data-element_type=\"section\" data-e-type=\"section\" id=\"tos\" data-settings=\"{&quot;jet_parallax_layout_list&quot;:[]}\">\n\t\t\t\t\t\t<div class=\"elementor-container elementor-column-gap-default\">\n\t\t\t\t\t<div class=\"elementor-column elementor-col-100 elementor-top-column elementor-element elementor-element-06a2071\" data-id=\"06a2071\" data-element_type=\"column\" data-e-type=\"column\">\n\t\t\t<div class=\"elementor-widget-wrap elementor-element-populated\">\n\t\t\t\t\t\t<div class=\"elementor-element elementor-element-cdb66ea elementor-widget elementor-widget-text-editor\" data-id=\"cdb66ea\" data-element_type=\"widget\" data-e-type=\"widget\" data-widget_type=\"text-editor.default\">\n\t\t\t\t<div class=\"elementor-widget-container\">\n\t\t\t\t\t\t\t\t\t<p>Los Cookies son peque\u00f1os archivos de datos que se instalan en la computadora o dispositivo m\u00f3vil del Usuario y le permiten almacenar o recuperar la informaci\u00f3n generada por su actividad en la red, ya sea a trav\u00e9s de su computadora o dispositivo m\u00f3vil. Esto mejora y personaliza la experiencia del usuario en la Web y con los servicios que se ofrecen.<\/p><p>Al acceder y navegar por la Web o por medio de la aplicaci\u00f3n m\u00f3vil, Costa Rica Green Airways puede almacenar o registrar direcciones IP, preferencias de Usuario o el tipo de dispositivo utilizado, el prop\u00f3sito de esto es recopilar estad\u00edsticas sobre el n\u00famero de visitas o tr\u00e1fico en la Web, adem\u00e1s de ofrecer una experiencia de navegaci\u00f3n personalizada, o grabar sus detalles para permitir a los usuarios iniciar sesi\u00f3n, incluso desde otros dispositivos.<\/p><p>Este sitio web o la aplicaci\u00f3n m\u00f3vil de Costa Rica Green Airways puede usar las siguientes Cookies, ya sean propias o de terceros autorizados:<\/p>\t\t\t\t\t\t\t\t<\/div>\n\t\t\t\t<\/div>\n\t\t\t\t<div class=\"elementor-element elementor-element-0eb392f elementor-widget elementor-widget-text-editor\" data-id=\"0eb392f\" data-element_type=\"widget\" data-e-type=\"widget\" data-widget_type=\"text-editor.default\">\n\t\t\t\t<div class=\"elementor-widget-container\">\n\t\t\t\t\t\t\t\t\t<ul><li><strong>Cookies T\u00e9cnicas<\/strong>: son necesarias para que la Web funcione de manera eficiente. Dichas cookies se memorizan y solo son v\u00e1lidas temporalmente. Estas Cookies no guardan ninguna informaci\u00f3n en su computadora de forma permanente. Son esenciales para controlar el tr\u00e1fico de datos y la comunicaci\u00f3n, iniciar sesi\u00f3n o realizar compras y otros procesos similares.<\/li><li><strong>Cookies Funcionales<\/strong>: el objetivo principal de las Cookies del navegador es evitar ofrecerle recomendaciones no relacionadas con sus intereses; ofrecerle sugerencias comerciales personalizadas y espec\u00edficas, como el idioma seleccionado o sus b\u00fasquedas de destinos anteriores. La utilidad de tales cookies se basa en el monitoreo temporal de la navegaci\u00f3n por Internet. El usuario tiene la opci\u00f3n de eliminar dichos Cookies antes de navegar por otras p\u00e1ginas del sitio web.<\/li><li><strong>Cookies de An\u00e1lisis Estad\u00edstico<\/strong>: los Cookies estad\u00edsticos nos permiten conocer el nivel de recurrencia de nuestros visitantes y el contenido m\u00e1s popular. Por lo tanto, podemos centrar nuestros esfuerzos en mejorar las \u00e1reas m\u00e1s visitadas y ayudar al usuario a encontrar lo que est\u00e1 buscando m\u00e1s f\u00e1cilmente.Costa Rica Green Airways puede utilizar la informaci\u00f3n de su visita para realizar evaluaciones y c\u00e1lculos estad\u00edsticos sobre datos an\u00f3nimos, para garantizar la continuidad del servicio o realizar mejoras en el sitio web. Esta informaci\u00f3n no se utilizar\u00e1 para ning\u00fan otro prop\u00f3sito. Costa Rica Green Airways puede utilizar Cookies de An\u00e1lisis pertenecientes a terceros.<\/li><li><strong>Cookies Publicitarios<\/strong>: permiten que la publicidad que ve en nuestro sitio web o en otras p\u00e1ginas web sea m\u00e1s personalizada y en l\u00ednea con sus preferencias basadas, por ejemplo, en b\u00fasquedas de destinos u otros h\u00e1bitos de navegaci\u00f3n. Costa Rica Green Airways puede usar Cookies publicitarios pertenecientes a terceros.<\/li><li><strong>Cookies de Geolocalizaci\u00f3n<\/strong>: nos permiten conocer la ubicaci\u00f3n del Usuario, con su consentimiento previo, para proporcionar ciertos servicios o personalizar la experiencia del usuario.<\/li><li><strong>Web Beacons<\/strong>: Costa Rica Green Airways puede usar, ya sea a trav\u00e9s de terceros, web beacons, por ejemplo, una imagen gr\u00e1fica que nos permite saber si la visualizaci\u00f3n de un determinado anuncio ha resultado en una reserva, consecuentemente permiti\u00e9ndonos monitorear los Resultados de los sitios web asociados, al mismo tiempo, para el an\u00e1lisis estad\u00edstico.<\/li><li><strong>Etiquetas de P\u00edxeles<\/strong>: esta tecnolog\u00eda nos permite rastrear el comportamiento del usuario tanto en la Web como en correos electr\u00f3nicos.<\/li><\/ul>\t\t\t\t\t\t\t\t<\/div>\n\t\t\t\t<\/div>\n\t\t\t\t<div class=\"elementor-element elementor-element-683b15f elementor-widget elementor-widget-text-editor\" data-id=\"683b15f\" data-element_type=\"widget\" data-e-type=\"widget\" data-widget_type=\"text-editor.default\">\n\t\t\t\t<div class=\"elementor-widget-container\">\n\t\t\t\t\t\t\t\t\t<p>Puede ver todas los Cookies de Costa Rica Green Airways a trav\u00e9s de su navegador en cualquier momento y eliminarlas.<\/p><p>Costa Rica Green Airways tambi\u00e9n utiliza el almacenamiento local para recopilar y almacenar informaci\u00f3n personal en el dispositivo del usuario a trav\u00e9s de la tecnolog\u00eda HTML5, lo que permite recuperar los datos incluso despu\u00e9s de cerrar el navegador. Mientras que, como un Cookie, el almacenamiento local ocupa menos espacio, la informaci\u00f3n almacenada no se env\u00eda al servidor en cada solicitud y no caduca, por lo que debe eliminarse espec\u00edficamente.<\/p>\t\t\t\t\t\t\t\t<\/div>\n\t\t\t\t<\/div>\n\t\t\t\t<div class=\"elementor-element elementor-element-ad41f73 elementor-widget elementor-widget-heading\" data-id=\"ad41f73\" data-element_type=\"widget\" data-e-type=\"widget\" data-widget_type=\"heading.default\">\n\t\t\t\t<div class=\"elementor-widget-container\">\n\t\t\t\t\t<h2 class=\"elementor-heading-title elementor-size-default\">ADMINISTRANDO COOKIES<\/h2>\t\t\t\t<\/div>\n\t\t\t\t<\/div>\n\t\t\t\t<div class=\"elementor-element elementor-element-24d4fa1 elementor-widget elementor-widget-text-editor\" data-id=\"24d4fa1\" data-element_type=\"widget\" data-e-type=\"widget\" data-widget_type=\"text-editor.default\">\n\t\t\t\t<div class=\"elementor-widget-container\">\n\t\t\t\t\t\t\t\t\t<p>Puede configurar su navegador para aceptar o rechazar todas los Cookies de manera predeterminada o recibir una notificaci\u00f3n en la pantalla cuando reciba cada Cookie, y decidir a partir de esto, permitiendo el acceso a su espacio de almacenamiento. Para esto, le sugerimos que consulte la secci\u00f3n de ayuda de su navegador para averiguar c\u00f3mo cambiar su configuraci\u00f3n actual. Tambi\u00e9n puede utilizar herramientas para bloquear los Cookies de seguimiento, como \u201cno rastrear\u201d.<\/p><p>Tambi\u00e9n tiene la opci\u00f3n de revocar en cualquier momento su consentimiento para que Costa Rica Green Airways use Cookies configurando su navegador como se describe a continuaci\u00f3n:<\/p><p>Para Microsoft Internet Explorer, vaya a \u201cHerramientas\u201d, seleccione \u201cOpciones de Internet\u201d y luego \u201cPrivacidad\u201d.<\/p><p>En el caso de FireFox, para usuarios de Mac, vaya a \u201cPreferencias\u201d, selecciones \u201cPrivacidad\u201d y luego \u201cMostrar Cookies\u201d. Para usuarios de Windows, vaya a \u201cHerramientas\u201d, selecciones \u201cOpciones\u201d, luego \u201cPrivacidad\u201d y finalmente \u201cUsar configuraciones personalizadas para el historial\u201d.<\/p><p>Si usa Safari, vaya a \u201cPreferencias\u201d, luego seleccione \u201cPrivacidad\u201d.<\/p><p>En el caso de Google Chrome, vaya a \u201cHerramientas\u201d, selecciones \u201cOpciones\u201d (\u201cPreferencias\u201d en el caso de usuarios de Mac), luego \u201cAvanzado\u201d y finalmente \u201cConfiguraci\u00f3n de Contenido\u201d en la secci\u00f3n de Privacidad y marque \u201cCookies\u201d en el cuadro de di\u00e1logo \u201cConfiguraci\u00f3n de Contenido\u201d.<\/p><p>No obstante, tenga en cuenta que deshabilitar los Cookies puede afectar el rendimiento de ciertas secciones del sitio web y la aplicaci\u00f3n.<\/p>\t\t\t\t\t\t\t\t<\/div>\n\t\t\t\t<\/div>\n\t\t\t\t\t<\/div>\n\t\t<\/div>\n\t\t\t\t\t<\/div>\n\t\t<\/section>\n\t\t\t\t<section class=\"elementor-section elementor-top-section elementor-element elementor-element-a18a2fd elementor-section-full_width elementor-section-height-default elementor-section-height-default\" data-id=\"a18a2fd\" data-element_type=\"section\" data-e-type=\"section\" data-settings=\"{&quot;jet_parallax_layout_list&quot;:[]}\">\n\t\t\t\t\t\t<div class=\"elementor-container elementor-column-gap-default\">\n\t\t\t\t\t<div class=\"elementor-column elementor-col-100 elementor-top-column elementor-element elementor-element-b63489d\" data-id=\"b63489d\" data-element_type=\"column\" data-e-type=\"column\">\n\t\t\t<div class=\"elementor-widget-wrap elementor-element-populated\">\n\t\t\t\t\t\t<div class=\"elementor-element elementor-element-080a08c elementor-widget elementor-widget-template\" data-id=\"080a08c\" data-element_type=\"widget\" data-e-type=\"widget\" data-widget_type=\"template.default\">\n\t\t\t\t<div class=\"elementor-widget-container\">\n\t\t\t\t\t\t\t<div class=\"elementor-template\">\n\t\t\t\t\t<div data-elementor-type=\"section\" data-elementor-id=\"2831\" class=\"elementor elementor-2831\" data-elementor-post-type=\"elementor_library\">\n\t\t\t\t\t<section class=\"elementor-section elementor-top-section elementor-element elementor-element-2ed9a5d7 elementor-section-content-middle elementor-section-boxed elementor-section-height-default elementor-section-height-default\" data-id=\"2ed9a5d7\" data-element_type=\"section\" data-e-type=\"section\" data-settings=\"{&quot;jet_parallax_layout_list&quot;:[]}\">\n\t\t\t\t\t\t<div class=\"elementor-container elementor-column-gap-no\">\n\t\t\t\t\t<div class=\"elementor-column elementor-col-100 elementor-top-column elementor-element elementor-element-6f880853\" data-id=\"6f880853\" data-element_type=\"column\" data-e-type=\"column\">\n\t\t\t<div class=\"elementor-widget-wrap elementor-element-populated\">\n\t\t\t\t\t\t<div class=\"elementor-element elementor-element-47def4b3 elementor-widget elementor-widget-heading\" data-id=\"47def4b3\" data-element_type=\"widget\" data-e-type=\"widget\" data-widget_type=\"heading.default\">\n\t\t\t\t<div class=\"elementor-widget-container\">\n\t\t\t\t\t<h2 class=\"elementor-heading-title elementor-size-default\">Cont\u00e1ctenos<\/h2>\t\t\t\t<\/div>\n\t\t\t\t<\/div>\n\t\t\t\t<section class=\"elementor-section elementor-inner-section elementor-element elementor-element-2a1b0ac8 elementor-section-content-middle elementor-section-boxed elementor-section-height-default elementor-section-height-default\" data-id=\"2a1b0ac8\" data-element_type=\"section\" data-e-type=\"section\" data-settings=\"{&quot;jet_parallax_layout_list&quot;:[]}\">\n\t\t\t\t\t\t<div class=\"elementor-container elementor-column-gap-no\">\n\t\t\t\t\t<div class=\"elementor-column elementor-col-50 elementor-inner-column elementor-element elementor-element-39b6ce95\" data-id=\"39b6ce95\" data-element_type=\"column\" data-e-type=\"column\">\n\t\t\t<div class=\"elementor-widget-wrap elementor-element-populated\">\n\t\t\t\t\t\t<div class=\"elementor-element elementor-element-4673f7a6 elementor-button-align-end elementor-mobile-button-align-center elementor-widget elementor-widget-form\" data-id=\"4673f7a6\" data-element_type=\"widget\" data-e-type=\"widget\" data-settings=\"{&quot;step_next_label&quot;:&quot;Next&quot;,&quot;step_previous_label&quot;:&quot;Previous&quot;,&quot;button_width&quot;:&quot;100&quot;,&quot;step_type&quot;:&quot;number_text&quot;,&quot;step_icon_shape&quot;:&quot;circle&quot;}\" data-widget_type=\"form.default\">\n\t\t\t\t<div class=\"elementor-widget-container\">\n\t\t\t\t\t\t\t<form class=\"elementor-form\" method=\"post\" name=\"Formulario de Contacto\" aria-label=\"Formulario de Contacto\">\n\t\t\t<input type=\"hidden\" name=\"post_id\" value=\"2831\"\/>\n\t\t\t<input type=\"hidden\" name=\"form_id\" value=\"4673f7a6\"\/>\n\t\t\t<input type=\"hidden\" name=\"referer_title\" value=\"Inicio | Costa Rica Green Airways Vuelos Dom\u00e9sticos &amp; Charter\" \/>\n\n\t\t\t\t\t\t\t<input type=\"hidden\" name=\"queried_id\" value=\"840\"\/>\n\t\t\t\n\t\t\t<div class=\"elementor-form-fields-wrapper elementor-labels-\">\n\t\t\t\t\t\t\t\t<div class=\"elementor-field-type-text elementor-field-group elementor-column elementor-field-group-fullname elementor-col-50 elementor-field-required\">\n\t\t\t\t\t\t\t\t\t\t\t\t<label for=\"form-field-fullname\" class=\"elementor-field-label elementor-screen-only\">\n\t\t\t\t\t\t\t\tNombre Completo\t\t\t\t\t\t\t<\/label>\n\t\t\t\t\t\t\t\t\t\t\t\t\t\t<input size=\"1\" type=\"text\" name=\"form_fields[fullname]\" id=\"form-field-fullname\" class=\"elementor-field elementor-size-sm  elementor-field-textual\" placeholder=\"Nombre Completo\" required=\"required\">\n\t\t\t\t\t\t\t\t\t\t\t<\/div>\n\t\t\t\t\t\t\t\t<div class=\"elementor-field-type-email elementor-field-group elementor-column elementor-field-group-correoelectronico elementor-col-50 elementor-field-required\">\n\t\t\t\t\t\t\t\t\t\t\t\t<label for=\"form-field-correoelectronico\" class=\"elementor-field-label elementor-screen-only\">\n\t\t\t\t\t\t\t\tCorreo Electr\u00f3nico\t\t\t\t\t\t\t<\/label>\n\t\t\t\t\t\t\t\t\t\t\t\t\t\t<input size=\"1\" type=\"email\" name=\"form_fields[correoelectronico]\" id=\"form-field-correoelectronico\" class=\"elementor-field elementor-size-sm  elementor-field-textual\" placeholder=\"Correo Electr\u00f3nico\" required=\"required\">\n\t\t\t\t\t\t\t\t\t\t\t<\/div>\n\t\t\t\t\t\t\t\t<div class=\"elementor-field-type-text elementor-field-group elementor-column elementor-field-group-phonenumber elementor-col-50 elementor-field-required\">\n\t\t\t\t\t\t\t\t\t\t\t\t<label for=\"form-field-phonenumber\" class=\"elementor-field-label elementor-screen-only\">\n\t\t\t\t\t\t\t\tTel\u00e9fono\t\t\t\t\t\t\t<\/label>\n\t\t\t\t\t\t\t\t\t\t\t\t\t\t<input size=\"1\" type=\"text\" name=\"form_fields[phonenumber]\" id=\"form-field-phonenumber\" class=\"elementor-field elementor-size-sm  elementor-field-textual\" placeholder=\"Tel\u00e9fono +1 000 0000 000\" required=\"required\">\n\t\t\t\t\t\t\t\t\t\t\t<\/div>\n\t\t\t\t\t\t\t\t<div class=\"elementor-field-type-select elementor-field-group elementor-column elementor-field-group-Motivo elementor-col-50\">\n\t\t\t\t\t\t\t\t\t\t\t\t<label for=\"form-field-Motivo\" class=\"elementor-field-label elementor-screen-only\">\n\t\t\t\t\t\t\t\tMotivo\t\t\t\t\t\t\t<\/label>\n\t\t\t\t\t\t\t\t<div class=\"elementor-field elementor-select-wrapper remove-before \">\n\t\t\t<div class=\"select-caret-down-wrapper\">\n\t\t\t\t<i aria-hidden=\"true\" class=\"eicon-caret-down\"><\/i>\t\t\t<\/div>\n\t\t\t<select name=\"form_fields[Motivo]\" id=\"form-field-Motivo\" class=\"elementor-field-textual elementor-size-sm\">\n\t\t\t\t\t\t\t\t\t<option value=\"Reserva de Vuelo\">Reserva de Vuelo<\/option>\n\t\t\t\t\t\t\t\t\t<option value=\"Vuelo Charter\">Vuelo Charter<\/option>\n\t\t\t\t\t\t\t\t\t<option value=\"Resoluci\u00f3n de Problemas\">Resoluci\u00f3n de Problemas<\/option>\n\t\t\t\t\t\t\t\t\t<option value=\"Consultas Generales\">Consultas Generales<\/option>\n\t\t\t\t\t\t\t<\/select>\n\t\t<\/div>\n\t\t\t\t\t\t<\/div>\n\t\t\t\t\t\t\t\t<div class=\"elementor-field-type-textarea elementor-field-group elementor-column elementor-field-group-message elementor-col-100 elementor-field-required\">\n\t\t\t\t\t\t\t\t\t\t\t\t<label for=\"form-field-message\" class=\"elementor-field-label elementor-screen-only\">\n\t\t\t\t\t\t\t\tMensaje\t\t\t\t\t\t\t<\/label>\n\t\t\t\t\t\t<textarea class=\"elementor-field-textual elementor-field  elementor-size-sm\" name=\"form_fields[message]\" id=\"form-field-message\" rows=\"4\" placeholder=\"Mensaje\" required=\"required\"><\/textarea>\t\t\t\t<\/div>\n\t\t\t\t\t\t\t\t<div class=\"elementor-field-type-recaptcha_v3 elementor-field-group elementor-column elementor-field-group-field_4234367 elementor-col-100 recaptcha_v3-inline\">\n\t\t\t\t\t<div class=\"elementor-field\" id=\"form-field-field_4234367\"><div class=\"elementor-g-recaptcha\" data-sitekey=\"6LfmAcUZAAAAACKYmoPVYlyo3D8nSrX1yImXbGJc\" data-type=\"v3\" data-action=\"Form\" data-badge=\"inline\" data-size=\"invisible\"><\/div><\/div>\t\t\t\t<\/div>\n\t\t\t\t\t\t\t\t<div class=\"elementor-field-group elementor-column elementor-field-type-submit elementor-col-100 e-form__buttons\">\n\t\t\t\t\t<button class=\"elementor-button elementor-size-sm elementor-animation-grow\" type=\"submit\">\n\t\t\t\t\t\t<span class=\"elementor-button-content-wrapper\">\n\t\t\t\t\t\t\t\t\t\t\t\t\t\t\t\t\t\t\t\t\t\t<span class=\"elementor-button-text\">Enviar Mensaje<\/span>\n\t\t\t\t\t\t\t\t\t\t\t\t\t<\/span>\n\t\t\t\t\t<\/button>\n\t\t\t\t<\/div>\n\t\t\t<\/div>\n\t\t<\/form>\n\t\t\t\t\t\t<\/div>\n\t\t\t\t<\/div>\n\t\t\t\t\t<\/div>\n\t\t<\/div>\n\t\t\t\t<div class=\"elementor-column elementor-col-50 elementor-inner-column elementor-element elementor-element-24852a53\" data-id=\"24852a53\" data-element_type=\"column\" data-e-type=\"column\" data-settings=\"{&quot;background_background&quot;:&quot;gradient&quot;}\">\n\t\t\t<div class=\"elementor-widget-wrap elementor-element-populated\">\n\t\t\t\t\t\t<div class=\"elementor-element elementor-element-2fd8174 elementor-view-default elementor-widget elementor-widget-icon\" data-id=\"2fd8174\" data-element_type=\"widget\" data-e-type=\"widget\" data-widget_type=\"icon.default\">\n\t\t\t\t<div class=\"elementor-widget-container\">\n\t\t\t\t\t\t\t<div class=\"elementor-icon-wrapper\">\n\t\t\t<a class=\"elementor-icon elementor-animation-grow\" href=\"https:\/\/wa.me\/50685831741\" rel=\"nofollow noopener\" target=\"_blank\">\n\t\t\t<i aria-hidden=\"true\" class=\"fab fa-whatsapp\"><\/i>\t\t\t<\/a>\n\t\t<\/div>\n\t\t\t\t\t\t<\/div>\n\t\t\t\t<\/div>\n\t\t\t\t<div class=\"elementor-element elementor-element-19181ef1 elementor-widget elementor-widget-icon-box\" data-id=\"19181ef1\" data-element_type=\"widget\" data-e-type=\"widget\" data-widget_type=\"icon-box.default\">\n\t\t\t\t<div class=\"elementor-widget-container\">\n\t\t\t\t\t\t\t<div class=\"elementor-icon-box-wrapper\">\n\n\t\t\t\n\t\t\t\t\t\t<div class=\"elementor-icon-box-content\">\n\n\t\t\t\t\t\t\t\t\t<h3 class=\"elementor-icon-box-title\">\n\t\t\t\t\t\t<a href=\"https:\/\/wa.me\/50685831741\" rel=\"nofollow noopener\" target=\"_blank\">\n\t\t\t\t\t\t\t+506.8583.1741\t\t\t\t\t\t<\/a>\n\t\t\t\t\t<\/h3>\n\t\t\t\t\n\t\t\t\t\n\t\t\t<\/div>\n\t\t\t\n\t\t<\/div>\n\t\t\t\t\t\t<\/div>\n\t\t\t\t<\/div>\n\t\t\t\t<div class=\"elementor-element elementor-element-61b5c99a elementor-widget elementor-widget-text-editor\" data-id=\"61b5c99a\" data-element_type=\"widget\" data-e-type=\"widget\" data-widget_type=\"text-editor.default\">\n\t\t\t\t<div class=\"elementor-widget-container\">\n\t\t\t\t\t\t\t\t\t<strong style=\"color: #fff;\">Soporte <\/strong><br><a href=\"mailto:customercare@costaricagreenair.com\">customercare@costaricagreenair.com<\/a>\t\t\t\t\t\t\t\t<\/div>\n\t\t\t\t<\/div>\n\t\t\t\t\t<\/div>\n\t\t<\/div>\n\t\t\t\t\t<\/div>\n\t\t<\/section>\n\t\t\t\t\t<\/div>\n\t\t<\/div>\n\t\t\t\t\t<\/div>\n\t\t<\/section>\n\t\t\t\t<\/div>\n\t\t\t\t<\/div>\n\t\t\t\t\t\t<\/div>\n\t\t\t\t<\/div>\n\t\t\t\t\t<\/div>\n\t\t<\/div>\n\t\t\t\t\t<\/div>\n\t\t<\/section>\n\t\t\t\t<\/div>\n\t\t","protected":false},"excerpt":{"rendered":"<p>POL\u00cdTICAS DE COOKIES Y RASTREO WEB Index Los Cookies son peque\u00f1os archivos de datos que se instalan en la computadora o dispositivo m\u00f3vil del Usuario y le permiten almacenar o recuperar la informaci\u00f3n generada por su actividad en la red, ya sea a trav\u00e9s de su computadora o dispositivo m\u00f3vil. Esto mejora y personaliza la [&hellip;]<\/p>\n","protected":false},"author":1,"featured_media":0,"parent":1267,"menu_order":4,"comment_status":"closed","ping_status":"closed","template":"elementor_header_footer","meta":{"footnotes":""},"class_list":["post-2526","page","type-page","status-publish","hentry"],"_links":{"self":[{"href":"https:\/\/costaricagreenair.com\/es\/wp-json\/wp\/v2\/pages\/2526","targetHints":{"allow":["GET"]}}],"collection":[{"href":"https:\/\/costaricagreenair.com\/es\/wp-json\/wp\/v2\/pages"}],"about":[{"href":"https:\/\/costaricagreenair.com\/es\/wp-json\/wp\/v2\/types\/page"}],"author":[{"embeddable":true,"href":"https:\/\/costaricagreenair.com\/es\/wp-json\/wp\/v2\/users\/1"}],"replies":[{"embeddable":true,"href":"https:\/\/costaricagreenair.com\/es\/wp-json\/wp\/v2\/comments?post=2526"}],"version-history":[{"count":4,"href":"https:\/\/costaricagreenair.com\/es\/wp-json\/wp\/v2\/pages\/2526\/revisions"}],"predecessor-version":[{"id":4384,"href":"https:\/\/costaricagreenair.com\/es\/wp-json\/wp\/v2\/pages\/2526\/revisions\/4384"}],"up":[{"embeddable":true,"href":"https:\/\/costaricagreenair.com\/es\/wp-json\/wp\/v2\/pages\/1267"}],"wp:attachment":[{"href":"https:\/\/costaricagreenair.com\/es\/wp-json\/wp\/v2\/media?parent=2526"}],"curies":[{"name":"wp","href":"https:\/\/api.w.org\/{rel}","templated":true}]}}